{"id":2788,"date":"2021-01-18T09:44:40","date_gmt":"2021-01-18T09:44:40","guid":{"rendered":"https:\/\/keystone-shipping.eu\/?page_id=2788"},"modified":"2023-08-09T15:19:20","modified_gmt":"2023-08-09T15:19:20","slug":"homepage","status":"publish","type":"page","link":"https:\/\/keystone-shipping.eu\/es\/","title":{"rendered":"Homepage"},"content":{"rendered":"<h1>Proveedor confiable de una amplia gama de materiales de bet\u00fan para carreteras y otros productos de bet\u00fan.<\/h1>\n<h2>Nuestras Fortalezas<\/h2>\n<p>\t\t\t\t<svg xmlns=\"http:\/\/www.w3.org\/2000\/svg\" width=\"60\" height=\"60\" viewBox=\"0 0 60 60\" fill=\"none\"><g clip-path=\"url(#clip0)\"><path d=\"M38.1058 7.03691C29.6243 6.82902 22.7027 13.5678 22.5047 21.894C22.2951 30.466 29.1734 37.4997 37.7415 37.4997C46.0651 37.4996 52.7639 30.8384 52.9632 22.638C53.1672 14.2782 46.5693 7.24421 38.1058 7.03691ZM29.4085 12.4302C30.4533 12.9444 31.7068 12.9933 32.8441 13.0357C33.4686 13.059 34.5055 13.0976 34.7522 13.2822C34.8662 13.644 34.3257 14.2295 33.662 14.9001C32.9144 15.6554 32.0673 16.5114 32.2206 17.6297C32.39 18.8669 33.3833 19.3927 33.9767 19.707C34.1463 19.7967 34.4239 19.9438 34.503 20.0292C34.472 20.429 33.9023 21.4868 33.1528 22.5914C31.8854 21.1459 29.5854 18.8133 27.3006 17.9719C26.8159 17.7932 26.2921 17.6659 25.7235 17.5851C26.4997 15.5982 27.7697 13.8184 29.4085 12.4302V12.4302ZM24.8477 21.9506C24.8643 21.2499 24.9392 20.5525 25.0686 19.8668C25.6041 19.9184 26.0757 20.0185 26.4903 20.1714C28.4971 20.9105 30.8823 23.4833 31.9631 24.8109C31.7975 25.8217 31.5383 27.9506 31.9661 29.4981C32.3026 30.7164 33.8836 33.1235 35.1229 34.8921C29.1955 33.6799 24.6911 28.3515 24.8477 21.9506ZM36.653 31.169C36.4939 31.5284 36.3968 32.0021 36.3421 32.5213C35.3277 31.0163 34.4031 29.5178 34.2253 28.8738C34.0298 28.1666 34.0554 27.1336 34.1408 26.2473C37.2421 27.7802 36.7727 27.7216 38.0526 28.4971C38.7973 28.9484 38.9412 29.0854 38.9532 29.2901C38.8518 29.3651 38.6262 29.4748 38.4695 29.551C37.8782 29.8384 37.0686 30.2323 36.653 31.169V31.169ZM38.6778 35.1221C38.5925 33.839 38.6122 32.533 38.7957 32.1185C38.8636 31.9654 39.1844 31.8093 39.4946 31.6585C40.156 31.3368 41.2627 30.7986 41.2973 29.3856C41.3358 27.746 40.1402 27.0215 39.2672 26.4925C38.1361 25.8072 38.2914 25.6698 34.9897 24.0524C35.7889 22.8983 37.0079 21.0175 36.8289 19.7117C36.6595 18.4755 35.6667 17.9499 35.0736 17.6358C34.9296 17.5597 34.708 17.4422 34.5956 17.3561C34.7416 17.1413 35.0864 16.793 35.3279 16.5489C36.2441 15.6233 37.6286 14.2243 36.9323 12.42C36.3145 10.8198 34.5172 10.7528 32.9314 10.6937C32.6673 10.6839 32.3944 10.6737 32.1254 10.6566C33.9529 9.7677 35.9622 9.32861 38.0485 9.38005C40.7179 9.44544 43.2812 10.3416 45.3954 11.9028L45.2401 11.8991C45.2154 11.8986 45.1906 11.8987 45.1659 11.8997C44.1988 11.9373 39.3701 12.2769 39.2964 15.2714C39.2732 16.2377 39.7463 17.0045 40.6286 17.4308C41.206 17.7097 41.8765 17.8084 42.5252 17.9041C43.0574 17.9825 43.9481 18.1137 44.0854 18.3488C44.2615 18.6496 44.1776 18.9829 43.9286 19.7278C43.6383 20.5962 43.2408 21.7854 43.9714 23.0345C44.6907 24.2649 45.9268 24.5735 46.92 24.8215C47.6682 25.0081 48.3143 25.1695 48.7085 25.6469C48.8286 25.7924 49.1342 26.2497 49.5316 27.4627C47.5953 31.8733 43.4438 34.7838 38.6778 35.1221V35.1221ZM50.62 22.581C50.6074 23.1008 50.5614 23.615 50.4882 24.1233C49.6059 23.0774 48.4325 22.7832 47.4875 22.5473C46.6753 22.3447 46.2056 22.2124 45.9945 21.8514C45.8182 21.5499 45.9021 21.2162 46.1512 20.4708C46.4415 19.6027 46.8389 18.4136 46.1083 17.1654C45.4031 15.9591 43.9968 15.7518 42.8668 15.5853C42.4843 15.5289 41.8657 15.4378 41.6401 15.3193C41.6605 15.1903 42.0454 14.8394 43.1201 14.5604C44.0652 14.315 45.0392 14.253 45.2255 14.2431L47.8734 14.3075C49.7208 16.6581 50.6934 19.5757 50.62 22.581Z\" fill=\"#00AFEC\"><\/path><path d=\"M5.31554 59.6576C5.77304 60.115 6.51506 60.1152 6.97291 59.6576L18.3229 48.3078C19.8629 46.7663 20.104 44.4097 19.0458 42.6125L22.8485 38.8097C26.6615 42.2457 31.6699 44.3909 37.1913 44.5259C41.2015 44.6232 45.154 43.6409 48.6257 41.69C49.19 41.3729 49.3904 40.6585 49.0733 40.0943C48.7563 39.5302 48.0417 39.3298 47.4777 39.6468C44.3698 41.3932 40.8338 42.2699 37.2484 42.1828C26.2671 41.9142 17.5505 32.7619 17.8179 21.7808C18.0825 10.9636 26.9667 2.34435 37.7281 2.34435C48.9034 2.34435 57.9225 11.5742 57.6503 22.7524C57.5628 26.3262 56.52 29.8074 54.6347 32.82C54.2914 33.3686 54.4578 34.0917 55.0063 34.435C55.5551 34.7784 56.278 34.612 56.6214 34.0634C58.7296 30.6949 59.8956 26.8034 59.9933 22.8097C60.2973 10.3263 50.2276 0.000976562 37.7275 0.000976562C25.7009 0.000976562 15.7707 9.63486 15.4749 21.7239C15.331 27.6346 17.5165 33.0705 21.1914 37.1523L17.3884 40.9553C15.5916 39.8972 13.2346 40.1382 11.6927 41.6787L0.34321 53.0282C-0.114403 53.4858 -0.114403 54.2278 0.34321 54.6854L5.31554 59.6576ZM13.3497 43.3364C14.2639 42.4231 15.7512 42.423 16.6647 43.3357C17.578 44.2497 17.578 45.7372 16.665 46.6509L6.14417 57.1717L2.82932 53.8568L13.3497 43.3364Z\" fill=\"#00AFEC\"><\/path><path d=\"M52.2656 38.6721C52.9128 38.6721 53.4375 38.1475 53.4375 37.5002C53.4375 36.853 52.9128 36.3284 52.2656 36.3284C51.6184 36.3284 51.0938 36.853 51.0938 37.5002C51.0938 38.1475 51.6184 38.6721 52.2656 38.6721Z\" fill=\"#00AFEC\"><\/path><\/g><defs><clipPath id=\"clip0\"><rect width=\"60\" height=\"60\" fill=\"white\"><\/rect><\/clipPath><\/defs><\/svg>\t\t\t\t<\/p>\n<h2>\n\t\t\t\t\t\tInvestigaci\u00f3n<br \/>\n\t\t\t\t<\/h2>\n<p>An\u00e1lisis de problemas de infraestructura y caracter\u00edsticas<br \/>clim\u00e1ticas de una regi\u00f3n concreta.<\/p>\n<p>\t\t\t\t<svg xmlns=\"http:\/\/www.w3.org\/2000\/svg\" width=\"66\" height=\"66\" viewBox=\"0 0 66 66\" fill=\"none\"><path d=\"M56.5981 25.7812H48.5894L46.5269 42.2812H38.1562V25.7812H34.0312V21.6562H27.8438V11.3438H25.6833L24.652 1.03125H18.6594L17.6282 11.3438H15.4688V7.21875H7.21875V11.3438H5.15625V35.7235C2.61937 38.1645 1.03125 41.5852 1.03125 45.375C1.03125 49.1648 2.61937 52.5855 5.15625 55.0265V64.9688H62.9062V42.2812H58.6606L56.5981 25.7812ZM54.7769 27.8438L55.0347 29.9062H50.1528L50.4106 27.8438H54.7769ZM49.895 31.9688H55.2925L56.5816 42.2812H48.6049L49.895 31.9688ZM36.0938 42.2812H27.4694C26.3031 37.3735 22.44 33.5094 17.5312 32.3431V27.8438H36.0938V42.2812ZM18.2676 56.0392C18.8378 55.0914 19.3225 53.9292 19.702 52.5938H23.1804C21.8955 54.1478 20.2001 55.342 18.2676 56.0392ZM5.69353 52.5938H9.17194C9.55144 53.9292 10.0351 55.0914 10.6064 56.0392C8.67487 55.342 6.9795 54.1478 5.69353 52.5938V52.5938ZM10.6074 34.7108C10.0361 35.6586 9.55247 36.8208 9.17297 38.1562H5.69353C6.9795 36.6022 8.67488 35.408 10.6074 34.7108ZM11.3438 19.5938H7.21875V17.5312H11.3438V19.5938ZM11.3438 21.6562V23.7188H7.21875V21.6562H11.3438ZM11.3438 25.7812V27.8438H7.21875V25.7812H11.3438ZM20.6023 44.3438C20.5549 42.8804 20.4126 41.4944 20.1805 40.2188H24.5283C25.1738 41.4779 25.5946 42.8691 25.7287 44.3438H20.6023ZM10.3342 44.3438C10.3878 42.8515 10.5579 41.4655 10.8085 40.2188H18.0665C18.3181 41.4655 18.4872 42.8515 18.5408 44.3438H10.3342ZM18.5408 46.4062C18.4872 47.8985 18.3171 49.2845 18.0665 50.5312H10.8085C10.5569 49.2845 10.3878 47.8985 10.3342 46.4062H18.5408ZM19.702 38.1562C19.3225 36.8208 18.8389 35.6586 18.2676 34.7108C20.2001 35.4069 21.8955 36.6022 23.1804 38.1562H19.702ZM17.5405 38.1562H11.3334C12.1471 35.606 13.3289 34.0312 14.4365 34.0312C15.544 34.0312 16.7269 35.606 17.5405 38.1562ZM8.69447 40.2188C8.46244 41.4944 8.32013 42.8804 8.27269 44.3438H3.14634C3.28041 42.8691 3.70013 41.4779 4.34672 40.2188H8.69447ZM8.27269 46.4062C8.32013 47.8696 8.46244 49.2556 8.69447 50.5312H4.34569C3.70013 49.2721 3.27937 47.8809 3.14531 46.4062H8.27269ZM11.3345 52.5938H17.5416C16.7279 55.144 15.5461 56.7188 14.4385 56.7188C13.331 56.7188 12.1481 55.144 11.3345 52.5938V52.5938ZM24.5293 50.5312H20.1816C20.4136 49.2556 20.5559 47.8696 20.6033 46.4062H25.7297C25.5956 47.8809 25.1749 49.2721 24.5293 50.5312V50.5312ZM31.9688 25.7812H21.6562V23.7188H31.9688V25.7812ZM25.7812 21.6562H19.5938V25.7812H15.4688V32.0213C15.1274 31.9945 14.7861 31.9688 14.4375 31.9688C14.0889 31.9688 13.7476 31.9945 13.4062 32.0213V13.4062H25.7812V21.6562ZM20.527 3.09375H22.7844L23.6094 11.3438H19.701L20.527 3.09375ZM9.28125 9.28125H13.4062V11.3438H9.28125V9.28125ZM11.3438 13.4062V15.4688H7.21875V13.4062H11.3438ZM7.21875 29.9062H11.3438V32.3431C9.85772 32.6958 8.46863 33.2929 7.21875 34.0962V29.9062ZM7.21875 56.6538C9.30497 57.9934 11.7789 58.7812 14.4375 58.7812C17.0961 58.7812 19.57 57.9934 21.6562 56.6538V62.9062H7.21875V56.6538ZM31.9688 62.9062H27.8438V54.6562H31.9688V62.9062ZM44.3438 62.9062H40.2188V54.6562H44.3438V62.9062ZM56.7188 62.9062H52.5938V54.6562H56.7188V62.9062ZM58.7812 62.9062V52.5938H50.5312V62.9062H46.4062V52.5938H38.1562V62.9062H34.0312V52.5938H25.7812V62.9062H23.7188V55.0265C25.542 53.2723 26.8651 51.0108 27.4694 48.4688H60.8438V62.9062H58.7812ZM60.8438 46.4062H27.7912C27.818 46.0649 27.8438 45.7236 27.8438 45.375C27.8438 45.0264 27.818 44.6851 27.7912 44.3438H60.8438V46.4062Z\" fill=\"#00AFEC\"><\/path><path d=\"M59.8125 11.3438H57.7222C57.4643 9.02653 55.4947 7.21875 53.1094 7.21875H50.5312V9.28125H53.1094C54.5315 9.28125 55.6875 10.4383 55.6875 11.8594V13.4062H59.8125C61.5182 13.4062 62.9062 14.7943 62.9062 16.5C62.9062 18.2057 61.5182 19.5938 59.8125 19.5938H56.7188C55.0131 19.5938 53.625 20.9818 53.625 22.6875V23.7188H55.6875V22.6875C55.6875 22.1193 56.1495 21.6562 56.7188 21.6562H59.8125C62.6557 21.6562 64.9688 19.3432 64.9688 16.5C64.9688 13.6568 62.6557 11.3438 59.8125 11.3438Z\" fill=\"#00AFEC\"><\/path><path d=\"M41.25 21.6562H48.4688C49.038 21.6562 49.5 22.1193 49.5 22.6875V23.7188H51.5625V22.6875C51.5625 20.9818 50.1744 19.5938 48.4688 19.5938H41.25C40.6808 19.5938 40.2188 19.1307 40.2188 18.5625C40.2188 17.9943 40.6808 17.5312 41.25 17.5312H47.4375V15.4688H45.375C43.6693 15.4688 42.2812 14.0807 42.2812 12.375C42.2812 10.6693 43.6693 9.28125 45.375 9.28125H48.4688V7.21875H45.375C42.5318 7.21875 40.2188 9.53184 40.2188 12.375C40.2188 13.5403 40.622 14.6046 41.2768 15.4688H41.25C39.5443 15.4688 38.1562 16.8568 38.1562 18.5625C38.1562 20.2682 39.5443 21.6562 41.25 21.6562Z\" fill=\"#00AFEC\"><\/path><path d=\"M31.9688 29.9062H34.0312V31.9688H31.9688V29.9062Z\" fill=\"#00AFEC\"><\/path><path d=\"M23.7188 29.9062H25.7812V31.9688H23.7188V29.9062Z\" fill=\"#00AFEC\"><\/path><path d=\"M19.5938 29.9062H21.6562V31.9688H19.5938V29.9062Z\" fill=\"#00AFEC\"><\/path><path d=\"M27.8438 29.9062H29.9062V31.9688H27.8438V29.9062Z\" fill=\"#00AFEC\"><\/path><path d=\"M27.8438 34.0312H29.9062V36.0938H27.8438V34.0312Z\" fill=\"#00AFEC\"><\/path><path d=\"M31.9688 34.0312H34.0312V36.0938H31.9688V34.0312Z\" fill=\"#00AFEC\"><\/path><path d=\"M27.8438 38.1562H29.9062V40.2188H27.8438V38.1562Z\" fill=\"#00AFEC\"><\/path><path d=\"M31.9688 38.1562H34.0312V40.2188H31.9688V38.1562Z\" fill=\"#00AFEC\"><\/path><\/svg>\t\t\t\t<\/p>\n<h2>\n\t\t\t\t\t\tProducci\u00f3n individual<br \/>\n\t\t\t\t<\/h2>\n<p>Recomendaciones y fabricaci\u00f3n de productos<br \/>seg\u00fan la especificaci\u00f3n requerida.<\/p>\n<p>\t\t\t\t<svg xmlns=\"http:\/\/www.w3.org\/2000\/svg\" width=\"62\" height=\"62\" viewBox=\"0 0 62 62\" fill=\"none\"><path d=\"M60.9441 17.4325C60.9082 17.1129 60.7154 16.8329 60.4306 16.6837L56.9983 14.8857C56.7445 14.752 56.4433 14.7394 56.1778 14.8489L49.351 17.6835L46.9049 17.7735C41.9246 12.0163 34.7481 8.71864 27.125 8.71864C26.2841 8.71864 25.4336 8.76611 24.5927 8.84652L10.6621 1.54989C8.18303 0.252735 5.10628 1.21083 3.80719 3.6918C3.1775 4.89402 3.0535 6.26867 3.45844 7.56389C4.26347 10.1359 6.02078 12.241 8.40681 13.4907L10.571 14.6251C4.53181 19.5715 0.96875 27.03 0.96875 34.8749C0.96875 49.2976 12.7023 61.0311 27.125 61.0311C40.2196 61.0311 51.151 51.4967 53.0061 38.6714C53.0962 38.6375 53.1844 38.5939 53.2619 38.5329C53.5622 38.2994 53.6968 37.9119 53.6077 37.5428L52.3154 32.176L52.3387 32.1314L52.2989 32.111L51.8146 30.0999L52.0471 30.1561C52.2699 30.2104 52.4937 30.2365 52.7145 30.2365C53.7482 30.2365 54.7208 29.6679 55.2188 28.7195C55.8223 27.5686 55.5656 26.1581 54.5939 25.292C54.2355 24.9733 53.8644 24.6691 53.4857 24.3746L60.6098 18.2792C60.8559 18.068 60.9799 17.7522 60.9441 17.4325V17.4325ZM44.3533 17.8656L41.9769 17.9528L34.875 14.2328V11.9271C38.4293 13.1255 41.6737 15.1502 44.3533 17.8656V17.8656ZM32.9375 11.3691V13.2185L28.0986 10.6833C29.7455 10.7482 31.3643 10.9807 32.9375 11.3691V11.3691ZM9.76403 3.26555L12.1297 4.50458L11.6802 5.36289C11.3198 6.0507 10.7134 6.55639 9.97231 6.78889C9.23219 7.01945 8.44556 6.9497 7.75678 6.58933L5.26709 5.28539C5.32716 5.04708 5.40659 4.81264 5.52284 4.58983C6.32594 3.0563 8.22759 2.45955 9.76403 3.26555ZM4.185 42.6249H4.48241C7.9205 42.6249 11.0127 44.5362 12.5502 47.611C13.361 49.2337 14.6126 50.5841 16.1684 51.518L19.5668 53.5563C21.4588 54.6916 22.7404 56.6146 23.1202 58.7555C14.2552 57.2753 7.00988 50.9629 4.185 42.6249ZM25.1177 59.0035C24.7864 56.0837 23.1105 53.4235 20.5637 51.8958L17.1662 49.8576C15.9272 49.1136 14.9304 48.0373 14.2842 46.745C12.4155 43.0085 8.65966 40.6874 4.48241 40.6874H3.61634C3.15522 38.8245 2.90625 36.8783 2.90625 34.8749C2.90625 32.8977 3.15425 30.9476 3.62313 29.0624H8.71875C10.3211 29.0624 11.625 30.3663 11.625 31.9686C11.625 34.6395 13.7979 36.8124 16.4688 36.8124H17.8444C19.3275 36.8124 20.5685 37.9235 20.7332 39.398L21.1284 42.961C21.1527 43.1819 21.05 43.334 20.987 43.4047C20.924 43.4745 20.7845 43.5936 20.5627 43.5936C19.5087 43.5936 18.5864 44.2311 18.2164 45.2182C17.8453 46.2064 18.1176 47.2933 18.9119 47.9879L19.6588 48.6418C22.2851 50.9387 26.1679 51.023 28.893 48.8452C29.327 48.4984 29.8104 48.2233 30.3316 48.0276L31.4669 47.6023C34.1697 46.5871 37.1777 47.8726 38.3141 50.526C38.6037 51.2012 38.75 51.9152 38.75 52.6495V56.1235C35.2906 58.0096 31.3352 59.0936 27.125 59.0936C26.4488 59.0936 25.7804 59.0588 25.1177 59.0035V59.0035ZM40.6875 54.9445V52.6485C40.6875 51.6517 40.4879 50.68 40.0946 49.7626C38.5495 46.155 34.4604 44.4093 30.7869 45.7869L29.6515 46.2122C28.9385 46.4795 28.2759 46.8564 27.683 47.3301C25.6922 48.9247 22.8548 48.8607 20.9347 47.1819L20.1878 46.529C19.9204 46.2945 19.9882 46.0107 20.0299 45.8993C20.0715 45.7898 20.2072 45.5311 20.5627 45.5311C21.2747 45.5311 21.9557 45.227 22.4304 44.697C22.9051 44.1662 23.1328 43.4561 23.0543 42.747L22.6581 39.1839C22.3859 36.7271 20.3157 34.8749 17.8444 34.8749H16.4688C14.8664 34.8749 13.5625 33.571 13.5625 31.9686C13.5625 29.2978 11.3896 27.1249 8.71875 27.1249H4.19856C5.59163 23.0203 8.06872 19.3187 11.4099 16.4599C11.6676 17.0983 12.1268 17.6253 12.7429 17.9489L17.8918 20.6459C18.0352 20.7215 18.1892 20.7563 18.3404 20.7563C18.6891 20.7563 19.0263 20.5674 19.1997 20.2371L19.6492 19.3788L25.3958 22.3887L31.9571 34.3915C32.0492 34.56 32.1887 34.6957 32.3582 34.7848L32.9375 35.09V35.8436C32.9375 39.0492 35.5444 41.6561 38.75 41.6561H41.6562C42.19 41.6561 42.625 42.0901 42.625 42.6249C42.625 44.2272 43.9289 45.5311 45.5312 45.5311H48.8812C47.0134 49.3645 44.1731 52.5943 40.6875 54.9445V54.9445ZM17.9325 18.4807L16.2159 17.5817L17.1149 15.8651L18.8315 16.7641L17.9325 18.4807ZM14.5003 16.6827L13.6419 16.2332C13.4133 16.1131 13.2438 15.9106 13.1663 15.6636C13.0888 15.4166 13.113 15.155 13.2331 14.9254C13.3532 14.6958 13.5557 14.5273 13.8018 14.4507C13.8977 14.4207 13.9946 14.4062 14.0924 14.4062C14.2464 14.4062 14.3995 14.443 14.5409 14.5166L15.3992 14.9661L14.5003 16.6827ZM48.4181 36.4937C48.5092 36.6351 48.6351 36.7514 48.7843 36.8298L51.1142 38.0495C50.8613 39.9841 50.3953 41.8412 49.724 43.5936H45.5312C44.9975 43.5936 44.5625 43.1596 44.5625 42.6249C44.5625 41.0226 43.2586 39.7186 41.6562 39.7186H38.75C36.7079 39.7186 35.0474 38.126 34.9031 36.1197L37.5061 37.4837C37.6476 37.5583 37.8016 37.5942 37.9556 37.5942C38.1843 37.5942 38.4109 37.5128 38.5911 37.3568C38.8924 37.0943 39.0019 36.6758 38.8682 36.2999L35.4582 26.7471L43.1646 28.2806L48.4181 36.4937ZM51.2246 35.9202L49.911 35.2324L47.8068 31.9425L50.622 33.4179L51.2246 35.9202ZM36.2099 34.6172L33.5158 33.2057L31.8399 30.1396L35.2489 31.926L36.2099 34.6172ZM34.2889 29.2368L30.1649 27.0755L25.1391 17.882L31.4088 21.1661L34.2889 29.2368ZM45.7027 28.6526L43.5986 25.3627L49.4169 28.4104L50.0195 30.9137L45.7027 28.6526ZM53.5041 27.8185C53.3132 28.1828 52.9015 28.3697 52.5033 28.2729L51.306 27.9832L51.1975 27.5318C51.1326 27.2605 50.9524 27.03 50.7053 26.9011L41.2658 21.9566C40.8783 21.7522 40.3998 21.8365 40.1024 22.16C39.805 22.4836 39.7633 22.967 40.0007 23.3371L41.7163 26.0195L34.6997 24.6226L33.107 20.1596C33.0257 19.93 32.86 19.7391 32.644 19.6268L23.2045 14.6823C22.8257 14.4837 22.3626 14.5563 22.0642 14.8615C21.7659 15.1666 21.701 15.6307 21.9054 16.0056L23.7218 19.3284L20.5491 17.666L20.9986 16.8077C21.1178 16.581 21.142 16.3146 21.0655 16.0695C20.9889 15.8235 20.8175 15.619 20.5898 15.4999L15.4409 12.8029C14.7531 12.4415 13.9665 12.3708 13.2254 12.6033C12.8059 12.7341 12.4368 12.9618 12.1239 13.2524L9.30678 11.777C7.57659 10.8693 6.26103 9.40452 5.53834 7.61427L6.85778 8.30595C7.56206 8.67505 8.32737 8.86105 9.09947 8.86105C9.58481 8.86105 10.0731 8.78742 10.5507 8.6392C11.7858 8.25364 12.7962 7.40889 13.3968 6.26286L13.8463 5.40552L49.3539 24.0055C50.778 24.7515 52.1081 25.6718 53.3074 26.7384C53.6135 27.0106 53.6949 27.4562 53.5041 27.8185V27.8185ZM50.252 22.2879L45.4353 19.7653L49.5961 19.6132C49.7114 19.6093 49.8257 19.5851 49.9323 19.5405L51.8427 18.7471L55.0928 20.4502L51.8485 23.2266C51.3282 22.8924 50.7993 22.5747 50.252 22.2879V22.2879ZM56.6787 19.092L54.1715 17.7784L56.5004 16.8116L58.2635 17.7348L56.6787 19.092Z\" fill=\"#00AFEC\"><\/path><path d=\"M14.625 10.1837L15.5239 8.46734L17.2402 9.36621L16.3414 11.0826L14.625 10.1837Z\" fill=\"#00AFEC\"><\/path><path d=\"M17.1973 11.5295L18.0961 9.81317L19.8125 10.712L18.9136 12.4284L17.1973 11.5295Z\" fill=\"#00AFEC\"><\/path><path d=\"M19.7734 12.8804L20.6723 11.164L22.3887 12.0629L21.4898 13.7792L19.7734 12.8804Z\" fill=\"#00AFEC\"><\/path><path d=\"M34.3613 20.5134L35.2602 18.7971L36.9766 19.6959L36.0777 21.4123L34.3613 20.5134Z\" fill=\"#00AFEC\"><\/path><path d=\"M36.9395 21.8689L37.8383 20.1525L39.5547 21.0514L38.6558 22.7678L36.9395 21.8689Z\" fill=\"#00AFEC\"><\/path><\/svg>\t\t\t\t<\/p>\n<h2>\n\t\t\t\t\t\tLog\u00edstica<br \/>\n\t\t\t\t<\/h2>\n<p>Organizamos con \u00e9xito la entrega de nuestros<br \/>productos en todo el mundo.<\/p>\n<p>An\u00e1lisis de problemas de infraestructura y caracter\u00edsticas<br \/>clim\u00e1ticas de una regi\u00f3n concreta.<\/p>\n<p>Recomendaciones y fabricaci\u00f3n de productos<br \/>seg\u00fan la especificaci\u00f3n requerida.<\/p>\n<p>Organizamos con \u00e9xito la entrega de nuestros<br \/>productos en todo el mundo.<\/p>\n<p><strong><a href=\"\/es\/about-company\/\">Sobre empresa<\/a><\/strong><\/p>\n<h2 style=\"text-align: center;\">Official distributor of<\/h2>\n<p>\t\t\t\t\t\t\t\t\t\t\t\t<img loading=\"lazy\" decoding=\"async\" width=\"390\" height=\"390\" src=\"https:\/\/keystone-shipping.eu\/wp-content\/uploads\/2020\/06\/brit-logo.png\" alt=\"\" loading=\"lazy\" srcset=\"https:\/\/keystone-shipping.eu\/wp-content\/uploads\/2020\/06\/brit-logo.png 390w, https:\/\/keystone-shipping.eu\/wp-content\/uploads\/2020\/06\/brit-logo-150x150.png 150w, https:\/\/keystone-shipping.eu\/wp-content\/uploads\/2020\/06\/brit-logo-300x300.png 300w\" sizes=\"(max-width: 390px) 100vw, 390px\" \/>\t\t\t\t\t\t\t\t\t\t\t\t\t\t<\/p>\n<h2>Our products<\/h2>\n<p>Many desktop publishing packages and web page editors now use Lorem Ipsum as their default<br \/>model text, and a search for &#8216;lorem ipsum&#8217; will uncover many web sites still in their infancy.<\/p>\n<p>Hemos enviado<br \/>\nm\u00e1s de<\/p>\n<p>6000<\/p>\n<p>Hemos construido<br \/>\nm\u00e1s de<\/p>\n<p>5000<\/p>\n<p>Pa\u00edses<br \/>\ncomerciales<\/p>\n<p>20<\/p>\n<p>N\u00famero de clientes<br \/>\nhabituales<\/p>\n<p>50<\/p>\n<p>Hemos enviado<br \/>\nm\u00e1s de<\/p>\n<p>6000<\/p>\n<p>Hemos construido<br \/>\nm\u00e1s de<\/p>\n<p>5000<\/p>\n<p>Pa\u00edses<br \/>\ncomerciales<\/p>\n<p>20<\/p>\n<p>N\u00famero de clientes<br \/>\nhabituales<\/p>\n<p>50<\/p>\n<p>\t\t\t\t\t\t\t\t\t\t\t\t<img loading=\"lazy\" decoding=\"async\" width=\"3002\" height=\"2022\" src=\"https:\/\/keystone-shipping.eu\/wp-content\/uploads\/2022\/10\/maps_pages-to-jpg-0001.jpg\" alt=\"\" loading=\"lazy\" srcset=\"https:\/\/keystone-shipping.eu\/wp-content\/uploads\/2022\/10\/maps_pages-to-jpg-0001.jpg 3002w, https:\/\/keystone-shipping.eu\/wp-content\/uploads\/2022\/10\/maps_pages-to-jpg-0001-300x202.jpg 300w, https:\/\/keystone-shipping.eu\/wp-content\/uploads\/2022\/10\/maps_pages-to-jpg-0001-1024x690.jpg 1024w, https:\/\/keystone-shipping.eu\/wp-content\/uploads\/2022\/10\/maps_pages-to-jpg-0001-768x517.jpg 768w, https:\/\/keystone-shipping.eu\/wp-content\/uploads\/2022\/10\/maps_pages-to-jpg-0001-1536x1035.jpg 1536w, https:\/\/keystone-shipping.eu\/wp-content\/uploads\/2022\/10\/maps_pages-to-jpg-0001-2048x1379.jpg 2048w\" sizes=\"(max-width: 3002px) 100vw, 3002px\" \/>\t\t\t\t\t\t\t\t\t\t\t\t\t\t<\/p>\n<h4><strong>Soda<\/strong><\/h4>\n<h4><strong>Energy<\/strong><\/h4>\n<h4><strong>Bitumen<\/strong><\/h4>\n<h4><strong>Suphur<\/strong><\/h4>\n<h4><strong>Other products<\/strong><\/h4>\n","protected":false},"excerpt":{"rendered":"<p>Proveedor confiable de una amplia gama de materiales de bet\u00fan para carreteras y otros productos de bet\u00fan. Nuestras Fortalezas Investigaci\u00f3n An\u00e1lisis de problemas de infraestructura y caracter\u00edsticasclim\u00e1ticas de una regi\u00f3n concreta. Producci\u00f3n individual Recomendaciones y fabricaci\u00f3n de productosseg\u00fan la especificaci\u00f3n requerida. Log\u00edstica Organizamos con \u00e9xito la entrega de nuestrosproductos en todo el mundo. An\u00e1lisis de [&hellip;]<\/p>\n","protected":false},"author":4,"featured_media":0,"parent":0,"menu_order":0,"comment_status":"closed","ping_status":"closed","template":"elementor_header_footer","meta":{"inline_featured_image":false,"_themeisle_gutenberg_block_has_review":false,"footnotes":""},"_links":{"self":[{"href":"https:\/\/keystone-shipping.eu\/es\/wp-json\/wp\/v2\/pages\/2788"}],"collection":[{"href":"https:\/\/keystone-shipping.eu\/es\/wp-json\/wp\/v2\/pages"}],"about":[{"href":"https:\/\/keystone-shipping.eu\/es\/wp-json\/wp\/v2\/types\/page"}],"author":[{"embeddable":true,"href":"https:\/\/keystone-shipping.eu\/es\/wp-json\/wp\/v2\/users\/4"}],"replies":[{"embeddable":true,"href":"https:\/\/keystone-shipping.eu\/es\/wp-json\/wp\/v2\/comments?post=2788"}],"version-history":[{"count":61,"href":"https:\/\/keystone-shipping.eu\/es\/wp-json\/wp\/v2\/pages\/2788\/revisions"}],"predecessor-version":[{"id":3432,"href":"https:\/\/keystone-shipping.eu\/es\/wp-json\/wp\/v2\/pages\/2788\/revisions\/3432"}],"wp:attachment":[{"href":"https:\/\/keystone-shipping.eu\/es\/wp-json\/wp\/v2\/media?parent=2788"}],"curies":[{"name":"wp","href":"https:\/\/api.w.org\/{rel}","templated":true}]}}