{"id":2836,"date":"2021-01-19T13:20:11","date_gmt":"2021-01-19T13:20:11","guid":{"rendered":"https:\/\/keystone-shipping.eu\/?page_id=2836"},"modified":"2021-03-03T08:03:24","modified_gmt":"2021-03-03T08:03:24","slug":"polymer-modified-bitumen","status":"publish","type":"page","link":"https:\/\/keystone-shipping.eu\/es\/polymer-modified-bitumen\/","title":{"rendered":"Polymer modified bitumen"},"content":{"rendered":"\t\t<div data-elementor-type=\"wp-post\" data-elementor-id=\"2836\" class=\"elementor elementor-2836 elementor-2308\" data-elementor-post-type=\"page\">\n\t\t\t\t\t\t<section class=\"elementor-section elementor-top-section elementor-element elementor-element-2ece7b2 elementor-section-full_width prodReal elementor-section-height-default elementor-section-height-default\" data-id=\"2ece7b2\" data-element_type=\"section\">\n\t\t\t\t\t\t<div class=\"elementor-container elementor-column-gap-default\">\n\t\t\t\t\t<div class=\"elementor-column elementor-col-100 elementor-top-column elementor-element elementor-element-6f6f0c7\" data-id=\"6f6f0c7\" data-element_type=\"column\">\n\t\t\t<div class=\"elementor-widget-wrap elementor-element-populated\">\n\t\t\t\t\t\t<div class=\"elementor-element elementor-element-0ce2789 ProdHeading elementor-widget elementor-widget-text-editor\" data-id=\"0ce2789\" data-element_type=\"widget\" data-widget_type=\"text-editor.default\">\n\t\t\t\t<div class=\"elementor-widget-container\">\n\t\t\t\t\t\t\t<p><strong>Bet\u00fan modificado con pol\u00edmeros<\/strong><a class=\"blue-btn\" href=\"#contact\">Enviar petici\u00f3n<\/a><\/p>\t\t\t\t\t\t<\/div>\n\t\t\t\t<\/div>\n\t\t\t\t<div class=\"elementor-element elementor-element-91ddade elementor-widget elementor-widget-text-editor\" data-id=\"91ddade\" data-element_type=\"widget\" data-widget_type=\"text-editor.default\">\n\t\t\t\t<div class=\"elementor-widget-container\">\n\t\t\t\t\t\t\t<p>Bet\u00fan modificado con pol\u00edmeros de alta calidad bajo tecnolog\u00eda superpave.<\/p>\t\t\t\t\t\t<\/div>\n\t\t\t\t<\/div>\n\t\t\t\t<div class=\"elementor-element elementor-element-f6cd98d ProdHeading elementor-widget elementor-widget-text-editor\" data-id=\"f6cd98d\" data-element_type=\"widget\" data-widget_type=\"text-editor.default\">\n\t\t\t\t<div class=\"elementor-widget-container\">\n\t\t\t\t\t\t\t<p><strong>Aplicaci\u00f3n <\/strong><\/p>\t\t\t\t\t\t<\/div>\n\t\t\t\t<\/div>\n\t\t\t\t<div class=\"elementor-element elementor-element-9844fff elementor-widget elementor-widget-text-editor\" data-id=\"9844fff\" data-element_type=\"widget\" data-widget_type=\"text-editor.default\">\n\t\t\t\t<div class=\"elementor-widget-container\">\n\t\t\t\t\t\t\t<p>Agregar hasta un 15% de estireno-butadieno-estireno (SBS) al asfalto convencional permite obtener un asfalto modificado con pol\u00edmero (PMB) que permite que la mezcla sea m\u00e1s cohesiva, con mayor rigidez, mejor resistencia a la deformaci\u00f3n, mayor resistencia a las grietas, mayor resistencia al agua, mucho mayor durabilidad, por lo tanto, menores costos de mantenimiento.<\/p>\t\t\t\t\t\t<\/div>\n\t\t\t\t<\/div>\n\t\t\t\t<div class=\"elementor-element elementor-element-ff16e72 elementor-widget elementor-widget-image\" data-id=\"ff16e72\" data-element_type=\"widget\" data-widget_type=\"image.default\">\n\t\t\t\t<div class=\"elementor-widget-container\">\n\t\t\t\t\t\t\t\t\t\t\t\t\t<img fetchpriority=\"high\" decoding=\"async\" width=\"800\" height=\"386\" src=\"https:\/\/keystone-shipping.eu\/wp-content\/uploads\/2019\/08\/chat1-1024x494.png\" class=\"attachment-large size-large wp-image-1332\" alt=\"chat1\" srcset=\"https:\/\/keystone-shipping.eu\/wp-content\/uploads\/2019\/08\/chat1-1024x494.png 1024w, https:\/\/keystone-shipping.eu\/wp-content\/uploads\/2019\/08\/chat1-768x371.png 768w, https:\/\/keystone-shipping.eu\/wp-content\/uploads\/2019\/08\/chat1-300x145.png 300w, https:\/\/keystone-shipping.eu\/wp-content\/uploads\/2019\/08\/chat1.png 1169w\" sizes=\"(max-width: 800px) 100vw, 800px\" \/>\t\t\t\t\t\t\t\t\t\t\t\t\t<\/div>\n\t\t\t\t<\/div>\n\t\t\t\t<div class=\"elementor-element elementor-element-d0596b6 elementor-widget elementor-widget-text-editor\" data-id=\"d0596b6\" data-element_type=\"widget\" data-widget_type=\"text-editor.default\">\n\t\t\t\t<div class=\"elementor-widget-container\">\n\t\t\t\t\t\t\t<p>En regiones con condiciones clim\u00e1ticas dif\u00edciles y tr\u00e1fico intenso, es dif\u00edcil mantener una buena calidad de la superficie de la carretera. Las carreteras defectuosas provocan accidentes, muerte y lesiones humanas, da\u00f1os a los veh\u00edculos y requieren gastos de reparaci\u00f3n constantes.<\/p>\t\t\t\t\t\t<\/div>\n\t\t\t\t<\/div>\n\t\t\t\t<div class=\"elementor-element elementor-element-0e51764 elementor-widget elementor-widget-image\" data-id=\"0e51764\" data-element_type=\"widget\" data-widget_type=\"image.default\">\n\t\t\t\t<div class=\"elementor-widget-container\">\n\t\t\t\t\t\t\t\t\t\t\t\t\t<img decoding=\"async\" width=\"800\" height=\"167\" src=\"https:\/\/keystone-shipping.eu\/wp-content\/uploads\/2019\/08\/chart2-1024x214.png\" class=\"attachment-large size-large wp-image-1330\" alt=\"chart2\" srcset=\"https:\/\/keystone-shipping.eu\/wp-content\/uploads\/2019\/08\/chart2-1024x214.png 1024w, https:\/\/keystone-shipping.eu\/wp-content\/uploads\/2019\/08\/chart2-768x160.png 768w, https:\/\/keystone-shipping.eu\/wp-content\/uploads\/2019\/08\/chart2-300x63.png 300w, https:\/\/keystone-shipping.eu\/wp-content\/uploads\/2019\/08\/chart2.png 1174w\" sizes=\"(max-width: 800px) 100vw, 800px\" \/>\t\t\t\t\t\t\t\t\t\t\t\t\t<\/div>\n\t\t\t\t<\/div>\n\t\t\t\t<div class=\"elementor-element elementor-element-03e53bb elementor-widget elementor-widget-text-editor\" data-id=\"03e53bb\" data-element_type=\"widget\" data-widget_type=\"text-editor.default\">\n\t\t\t\t<div class=\"elementor-widget-container\">\n\t\t\t\t\t\t\t<p>Ventajas del hormig\u00f3n bituminoso que utiliza cemento asf\u00e1ltico modificado con pol\u00edmeros:<\/p>\t\t\t\t\t\t<\/div>\n\t\t\t\t<\/div>\n\t\t\t\t<div class=\"elementor-element elementor-element-46af409 elementor-align-left elementor-icon-list--layout-traditional elementor-list-item-link-full_width elementor-widget elementor-widget-icon-list\" data-id=\"46af409\" data-element_type=\"widget\" data-widget_type=\"icon-list.default\">\n\t\t\t\t<div class=\"elementor-widget-container\">\n\t\t\t\t\t<ul class=\"elementor-icon-list-items\">\n\t\t\t\t\t\t\t<li class=\"elementor-icon-list-item\">\n\t\t\t\t\t\t\t\t\t\t\t<span class=\"elementor-icon-list-icon\">\n\t\t\t\t\t\t\t<svg xmlns=\"http:\/\/www.w3.org\/2000\/svg\" id=\"color\" height=\"512\" viewBox=\"0 0 24 24\" width=\"512\"><path d=\"m23.526 5.101c-.04-.399-.231-.759-.541-1.014l-2.318-1.904c-.639-.524-1.585-.432-2.111.207l-9.745 11.86-3.916-3.355c-.628-.536-1.576-.465-2.115.163l-1.952 2.278c-.261.304-.388.691-.357 1.091s.215.764.52 1.024l7.403 6.346c.275.235.616.361.974.361.044 0 .089-.002.134-.006.405-.036.77-.229 1.028-.542l12.662-15.411c.255-.309.373-.7.334-1.098z\" fill=\"#2196f3\"><\/path><\/svg>\t\t\t\t\t\t<\/span>\n\t\t\t\t\t\t\t\t\t\t<span class=\"elementor-icon-list-text\">Mayor resistencia al calor del hormig\u00f3n asf\u00e1ltico, estabilidad a cargas externas en verano;<\/span>\n\t\t\t\t\t\t\t\t\t<\/li>\n\t\t\t\t\t\t\t\t<li class=\"elementor-icon-list-item\">\n\t\t\t\t\t\t\t\t\t\t\t<span class=\"elementor-icon-list-icon\">\n\t\t\t\t\t\t\t<svg xmlns=\"http:\/\/www.w3.org\/2000\/svg\" id=\"color\" height=\"512\" viewBox=\"0 0 24 24\" width=\"512\"><path d=\"m23.526 5.101c-.04-.399-.231-.759-.541-1.014l-2.318-1.904c-.639-.524-1.585-.432-2.111.207l-9.745 11.86-3.916-3.355c-.628-.536-1.576-.465-2.115.163l-1.952 2.278c-.261.304-.388.691-.357 1.091s.215.764.52 1.024l7.403 6.346c.275.235.616.361.974.361.044 0 .089-.002.134-.006.405-.036.77-.229 1.028-.542l12.662-15.411c.255-.309.373-.7.334-1.098z\" fill=\"#2196f3\"><\/path><\/svg>\t\t\t\t\t\t<\/span>\n\t\t\t\t\t\t\t\t\t\t<span class=\"elementor-icon-list-text\">Reducci\u00f3n del agrietamiento en condiciones clim\u00e1ticas de congelaci\u00f3n y en temperaturas variables;<\/span>\n\t\t\t\t\t\t\t\t\t<\/li>\n\t\t\t\t\t\t\t\t<li class=\"elementor-icon-list-item\">\n\t\t\t\t\t\t\t\t\t\t\t<span class=\"elementor-icon-list-icon\">\n\t\t\t\t\t\t\t<svg xmlns=\"http:\/\/www.w3.org\/2000\/svg\" id=\"color\" height=\"512\" viewBox=\"0 0 24 24\" width=\"512\"><path d=\"m23.526 5.101c-.04-.399-.231-.759-.541-1.014l-2.318-1.904c-.639-.524-1.585-.432-2.111.207l-9.745 11.86-3.916-3.355c-.628-.536-1.576-.465-2.115.163l-1.952 2.278c-.261.304-.388.691-.357 1.091s.215.764.52 1.024l7.403 6.346c.275.235.616.361.974.361.044 0 .089-.002.134-.006.405-.036.77-.229 1.028-.542l12.662-15.411c.255-.309.373-.7.334-1.098z\" fill=\"#2196f3\"><\/path><\/svg>\t\t\t\t\t\t<\/span>\n\t\t\t\t\t\t\t\t\t\t<span class=\"elementor-icon-list-text\">Reducci\u00f3n de la formaci\u00f3n de surcos flexibles;<\/span>\n\t\t\t\t\t\t\t\t\t<\/li>\n\t\t\t\t\t\t\t\t<li class=\"elementor-icon-list-item\">\n\t\t\t\t\t\t\t\t\t\t\t<span class=\"elementor-icon-list-icon\">\n\t\t\t\t\t\t\t<svg xmlns=\"http:\/\/www.w3.org\/2000\/svg\" id=\"color\" height=\"512\" viewBox=\"0 0 24 24\" width=\"512\"><path d=\"m23.526 5.101c-.04-.399-.231-.759-.541-1.014l-2.318-1.904c-.639-.524-1.585-.432-2.111.207l-9.745 11.86-3.916-3.355c-.628-.536-1.576-.465-2.115.163l-1.952 2.278c-.261.304-.388.691-.357 1.091s.215.764.52 1.024l7.403 6.346c.275.235.616.361.974.361.044 0 .089-.002.134-.006.405-.036.77-.229 1.028-.542l12.662-15.411c.255-.309.373-.7.334-1.098z\" fill=\"#2196f3\"><\/path><\/svg>\t\t\t\t\t\t<\/span>\n\t\t\t\t\t\t\t\t\t\t<span class=\"elementor-icon-list-text\">Mayor compatibilidad de las mezclas de hormig\u00f3n para carreteras;<\/span>\n\t\t\t\t\t\t\t\t\t<\/li>\n\t\t\t\t\t\t\t\t<li class=\"elementor-icon-list-item\">\n\t\t\t\t\t\t\t\t\t\t\t<span class=\"elementor-icon-list-icon\">\n\t\t\t\t\t\t\t<svg xmlns=\"http:\/\/www.w3.org\/2000\/svg\" id=\"color\" height=\"512\" viewBox=\"0 0 24 24\" width=\"512\"><path d=\"m23.526 5.101c-.04-.399-.231-.759-.541-1.014l-2.318-1.904c-.639-.524-1.585-.432-2.111.207l-9.745 11.86-3.916-3.355c-.628-.536-1.576-.465-2.115.163l-1.952 2.278c-.261.304-.388.691-.357 1.091s.215.764.52 1.024l7.403 6.346c.275.235.616.361.974.361.044 0 .089-.002.134-.006.405-.036.77-.229 1.028-.542l12.662-15.411c.255-.309.373-.7.334-1.098z\" fill=\"#2196f3\"><\/path><\/svg>\t\t\t\t\t\t<\/span>\n\t\t\t\t\t\t\t\t\t\t<span class=\"elementor-icon-list-text\">Mayor resistencia y propiedades el\u00e1sticas;<\/span>\n\t\t\t\t\t\t\t\t\t<\/li>\n\t\t\t\t\t\t\t\t<li class=\"elementor-icon-list-item\">\n\t\t\t\t\t\t\t\t\t\t\t<span class=\"elementor-icon-list-icon\">\n\t\t\t\t\t\t\t<svg xmlns=\"http:\/\/www.w3.org\/2000\/svg\" id=\"color\" height=\"512\" viewBox=\"0 0 24 24\" width=\"512\"><path d=\"m23.526 5.101c-.04-.399-.231-.759-.541-1.014l-2.318-1.904c-.639-.524-1.585-.432-2.111.207l-9.745 11.86-3.916-3.355c-.628-.536-1.576-.465-2.115.163l-1.952 2.278c-.261.304-.388.691-.357 1.091s.215.764.52 1.024l7.403 6.346c.275.235.616.361.974.361.044 0 .089-.002.134-.006.405-.036.77-.229 1.028-.542l12.662-15.411c.255-.309.373-.7.334-1.098z\" fill=\"#2196f3\"><\/path><\/svg>\t\t\t\t\t\t<\/span>\n\t\t\t\t\t\t\t\t\t\t<span class=\"elementor-icon-list-text\">Mayor seguridad.<\/span>\n\t\t\t\t\t\t\t\t\t<\/li>\n\t\t\t\t\t\t<\/ul>\n\t\t\t\t<\/div>\n\t\t\t\t<\/div>\n\t\t\t\t\t<\/div>\n\t\t<\/div>\n\t\t\t\t\t<\/div>\n\t\t<\/section>\n\t\t\t\t<\/div>\n\t\t","protected":false},"excerpt":{"rendered":"<p>Bet\u00fan modificado con pol\u00edmerosEnviar petici\u00f3n Bet\u00fan modificado con pol\u00edmeros de alta calidad bajo tecnolog\u00eda superpave. Aplicaci\u00f3n Agregar hasta un 15% de estireno-butadieno-estireno (SBS) al asfalto convencional permite obtener un asfalto modificado con pol\u00edmero (PMB) que permite que la mezcla sea m\u00e1s cohesiva, con mayor rigidez, mejor resistencia a la deformaci\u00f3n, mayor resistencia a las grietas, [&hellip;]<\/p>\n","protected":false},"author":4,"featured_media":0,"parent":0,"menu_order":0,"comment_status":"closed","ping_status":"closed","template":"elementor_header_footer","meta":{"inline_featured_image":false,"_themeisle_gutenberg_block_has_review":false,"footnotes":""},"_links":{"self":[{"href":"https:\/\/keystone-shipping.eu\/es\/wp-json\/wp\/v2\/pages\/2836"}],"collection":[{"href":"https:\/\/keystone-shipping.eu\/es\/wp-json\/wp\/v2\/pages"}],"about":[{"href":"https:\/\/keystone-shipping.eu\/es\/wp-json\/wp\/v2\/types\/page"}],"author":[{"embeddable":true,"href":"https:\/\/keystone-shipping.eu\/es\/wp-json\/wp\/v2\/users\/4"}],"replies":[{"embeddable":true,"href":"https:\/\/keystone-shipping.eu\/es\/wp-json\/wp\/v2\/comments?post=2836"}],"version-history":[{"count":5,"href":"https:\/\/keystone-shipping.eu\/es\/wp-json\/wp\/v2\/pages\/2836\/revisions"}],"predecessor-version":[{"id":3039,"href":"https:\/\/keystone-shipping.eu\/es\/wp-json\/wp\/v2\/pages\/2836\/revisions\/3039"}],"wp:attachment":[{"href":"https:\/\/keystone-shipping.eu\/es\/wp-json\/wp\/v2\/media?parent=2836"}],"curies":[{"name":"wp","href":"https:\/\/api.w.org\/{rel}","templated":true}]}}