{"id":2851,"date":"2021-01-19T13:40:32","date_gmt":"2021-01-19T13:40:32","guid":{"rendered":"https:\/\/keystone-shipping.eu\/?page_id=2851"},"modified":"2021-03-03T08:03:19","modified_gmt":"2021-03-03T08:03:19","slug":"protective-restoring-compound","status":"publish","type":"page","link":"https:\/\/keystone-shipping.eu\/es\/protective-restoring-compound\/","title":{"rendered":"Protective restoring compound"},"content":{"rendered":"\t\t<div data-elementor-type=\"wp-post\" data-elementor-id=\"2851\" class=\"elementor elementor-2851 elementor-2318\" data-elementor-post-type=\"page\">\n\t\t\t\t\t\t<section class=\"elementor-section elementor-top-section elementor-element elementor-element-ba582ef elementor-section-full_width prodReal elementor-section-height-default elementor-section-height-default\" data-id=\"ba582ef\" data-element_type=\"section\">\n\t\t\t\t\t\t<div class=\"elementor-container elementor-column-gap-default\">\n\t\t\t\t\t<div class=\"elementor-column elementor-col-100 elementor-top-column elementor-element elementor-element-9afe3ce\" data-id=\"9afe3ce\" data-element_type=\"column\">\n\t\t\t<div class=\"elementor-widget-wrap elementor-element-populated\">\n\t\t\t\t\t\t<div class=\"elementor-element elementor-element-e23fb38 ProdHeading elementor-widget elementor-widget-text-editor\" data-id=\"e23fb38\" data-element_type=\"widget\" data-widget_type=\"text-editor.default\">\n\t\t\t\t<div class=\"elementor-widget-container\">\n\t\t\t\t\t\t\t<p><strong>Compuesto restaurador protector<\/strong><a class=\"blue-btn\" href=\"#contact\">Enviar petici\u00f3n<\/a><\/p>\t\t\t\t\t\t<\/div>\n\t\t\t\t<\/div>\n\t\t\t\t<div class=\"elementor-element elementor-element-5c0eaf2 prot_img_compaund elementor-widget elementor-widget-image\" data-id=\"5c0eaf2\" data-element_type=\"widget\" data-widget_type=\"image.default\">\n\t\t\t\t<div class=\"elementor-widget-container\">\n\t\t\t\t\t\t\t\t\t\t\t\t\t<img fetchpriority=\"high\" decoding=\"async\" width=\"800\" height=\"533\" src=\"https:\/\/keystone-shipping.eu\/wp-content\/uploads\/2020\/09\/before-after.jpg\" class=\"attachment-large size-large wp-image-2430\" alt=\"\" srcset=\"https:\/\/keystone-shipping.eu\/wp-content\/uploads\/2020\/09\/before-after.jpg 900w, https:\/\/keystone-shipping.eu\/wp-content\/uploads\/2020\/09\/before-after-768x512.jpg 768w, https:\/\/keystone-shipping.eu\/wp-content\/uploads\/2020\/09\/before-after-300x200.jpg 300w\" sizes=\"(max-width: 800px) 100vw, 800px\" \/>\t\t\t\t\t\t\t\t\t\t\t\t\t<\/div>\n\t\t\t\t<\/div>\n\t\t\t\t<div class=\"elementor-element elementor-element-47139b6 elementor-widget__width-inherit elementor-widget elementor-widget-text-editor\" data-id=\"47139b6\" data-element_type=\"widget\" data-widget_type=\"text-editor.default\">\n\t\t\t\t<div class=\"elementor-widget-container\">\n\t\t\t\t\t\t\t<p>Se trata de una composici\u00f3n regeneradora de alta calidad de aplicaci\u00f3n en fr\u00edo de acci\u00f3n film\u00f3gena para la eliminaci\u00f3n de defectos superficiales, restauraci\u00f3n de propiedades operativas y protecci\u00f3n a largo plazo de pavimentos de hormig\u00f3n asf\u00e1ltico.<\/p>\t\t\t\t\t\t<\/div>\n\t\t\t\t<\/div>\n\t\t\t\t<div class=\"elementor-element elementor-element-36aa76c ProdHeading elementor-widget elementor-widget-text-editor\" data-id=\"36aa76c\" data-element_type=\"widget\" data-widget_type=\"text-editor.default\">\n\t\t\t\t<div class=\"elementor-widget-container\">\n\t\t\t\t\t\t\t<p><strong>Aplicaci\u00f3n<\/strong><\/p>\t\t\t\t\t\t<\/div>\n\t\t\t\t<\/div>\n\t\t\t\t<div class=\"elementor-element elementor-element-4fab927 elementor-widget elementor-widget-text-editor\" data-id=\"4fab927\" data-element_type=\"widget\" data-widget_type=\"text-editor.default\">\n\t\t\t\t<div class=\"elementor-widget-container\">\n\t\t\t\t\t\t\t<p>M\u00e9todo eficaz para prevenir la destrucci\u00f3n progresiva del hormig\u00f3n asf\u00e1ltico: eliminaci\u00f3n de defectos superficiales, restauraci\u00f3n de las propiedades operativas y protecci\u00f3n a largo plazo de los pavimentos de hormig\u00f3n asf\u00e1ltico de carreteras y aer\u00f3dromos de los efectos de factores meteorol\u00f3gicos y clim\u00e1ticos, agentes de congelaci\u00f3n y cargas de tr\u00e1fico pesadas.<\/p>\t\t\t\t\t\t<\/div>\n\t\t\t\t<\/div>\n\t\t\t\t<div class=\"elementor-element elementor-element-30a8ca9 ProdHeading elementor-widget elementor-widget-text-editor\" data-id=\"30a8ca9\" data-element_type=\"widget\" data-widget_type=\"text-editor.default\">\n\t\t\t\t<div class=\"elementor-widget-container\">\n\t\t\t\t\t\t\t<p><strong>Beneficios<\/strong><\/p>\t\t\t\t\t\t<\/div>\n\t\t\t\t<\/div>\n\t\t\t\t<div class=\"elementor-element elementor-element-e6af733 elementor-icon-list--layout-traditional elementor-list-item-link-full_width elementor-widget elementor-widget-icon-list\" data-id=\"e6af733\" data-element_type=\"widget\" data-widget_type=\"icon-list.default\">\n\t\t\t\t<div class=\"elementor-widget-container\">\n\t\t\t\t\t<ul class=\"elementor-icon-list-items\">\n\t\t\t\t\t\t\t<li class=\"elementor-icon-list-item\">\n\t\t\t\t\t\t\t\t\t\t\t<span class=\"elementor-icon-list-icon\">\n\t\t\t\t\t\t\t<svg xmlns=\"http:\/\/www.w3.org\/2000\/svg\" id=\"color\" height=\"512\" viewBox=\"0 0 24 24\" width=\"512\"><path d=\"m23.526 5.101c-.04-.399-.231-.759-.541-1.014l-2.318-1.904c-.639-.524-1.585-.432-2.111.207l-9.745 11.86-3.916-3.355c-.628-.536-1.576-.465-2.115.163l-1.952 2.278c-.261.304-.388.691-.357 1.091s.215.764.52 1.024l7.403 6.346c.275.235.616.361.974.361.044 0 .089-.002.134-.006.405-.036.77-.229 1.028-.542l12.662-15.411c.255-.309.373-.7.334-1.098z\" fill=\"#2196f3\"><\/path><\/svg>\t\t\t\t\t\t<\/span>\n\t\t\t\t\t\t\t\t\t\t<span class=\"elementor-icon-list-text\">Restauraci\u00f3n efectiva de la estructura de la superficie y protecci\u00f3n confiable del pavimento de hormig\u00f3n asf\u00e1ltico.<\/span>\n\t\t\t\t\t\t\t\t\t<\/li>\n\t\t\t\t\t\t\t\t<li class=\"elementor-icon-list-item\">\n\t\t\t\t\t\t\t\t\t\t\t<span class=\"elementor-icon-list-icon\">\n\t\t\t\t\t\t\t<svg xmlns=\"http:\/\/www.w3.org\/2000\/svg\" id=\"color\" height=\"512\" viewBox=\"0 0 24 24\" width=\"512\"><path d=\"m23.526 5.101c-.04-.399-.231-.759-.541-1.014l-2.318-1.904c-.639-.524-1.585-.432-2.111.207l-9.745 11.86-3.916-3.355c-.628-.536-1.576-.465-2.115.163l-1.952 2.278c-.261.304-.388.691-.357 1.091s.215.764.52 1.024l7.403 6.346c.275.235.616.361.974.361.044 0 .089-.002.134-.006.405-.036.77-.229 1.028-.542l12.662-15.411c.255-.309.373-.7.334-1.098z\" fill=\"#2196f3\"><\/path><\/svg>\t\t\t\t\t\t<\/span>\n\t\t\t\t\t\t\t\t\t\t<span class=\"elementor-icon-list-text\">Hidrofilizaci\u00f3n duradera del revestimiento.<\/span>\n\t\t\t\t\t\t\t\t\t<\/li>\n\t\t\t\t\t\t\t\t<li class=\"elementor-icon-list-item\">\n\t\t\t\t\t\t\t\t\t\t\t<span class=\"elementor-icon-list-icon\">\n\t\t\t\t\t\t\t<svg xmlns=\"http:\/\/www.w3.org\/2000\/svg\" id=\"color\" height=\"512\" viewBox=\"0 0 24 24\" width=\"512\"><path d=\"m23.526 5.101c-.04-.399-.231-.759-.541-1.014l-2.318-1.904c-.639-.524-1.585-.432-2.111.207l-9.745 11.86-3.916-3.355c-.628-.536-1.576-.465-2.115.163l-1.952 2.278c-.261.304-.388.691-.357 1.091s.215.764.52 1.024l7.403 6.346c.275.235.616.361.974.361.044 0 .089-.002.134-.006.405-.036.77-.229 1.028-.542l12.662-15.411c.255-.309.373-.7.334-1.098z\" fill=\"#2196f3\"><\/path><\/svg>\t\t\t\t\t\t<\/span>\n\t\t\t\t\t\t\t\t\t\t<span class=\"elementor-icon-list-text\">Formaci\u00f3n de capa protectora resistente a la abrasi\u00f3n con excelente adherencia al hormig\u00f3n asf\u00e1ltico.<\/span>\n\t\t\t\t\t\t\t\t\t<\/li>\n\t\t\t\t\t\t\t\t<li class=\"elementor-icon-list-item\">\n\t\t\t\t\t\t\t\t\t\t\t<span class=\"elementor-icon-list-icon\">\n\t\t\t\t\t\t\t<svg xmlns=\"http:\/\/www.w3.org\/2000\/svg\" id=\"color\" height=\"512\" viewBox=\"0 0 24 24\" width=\"512\"><path d=\"m23.526 5.101c-.04-.399-.231-.759-.541-1.014l-2.318-1.904c-.639-.524-1.585-.432-2.111.207l-9.745 11.86-3.916-3.355c-.628-.536-1.576-.465-2.115.163l-1.952 2.278c-.261.304-.388.691-.357 1.091s.215.764.52 1.024l7.403 6.346c.275.235.616.361.974.361.044 0 .089-.002.134-.006.405-.036.77-.229 1.028-.542l12.662-15.411c.255-.309.373-.7.334-1.098z\" fill=\"#2196f3\"><\/path><\/svg>\t\t\t\t\t\t<\/span>\n\t\t\t\t\t\t\t\t\t\t<span class=\"elementor-icon-list-text\">Tecnolog\u00eda de aplicaci\u00f3n unificada simple.<\/span>\n\t\t\t\t\t\t\t\t\t<\/li>\n\t\t\t\t\t\t<\/ul>\n\t\t\t\t<\/div>\n\t\t\t\t<\/div>\n\t\t\t\t<div class=\"elementor-element elementor-element-97f25c8 ProdHeading elementor-widget elementor-widget-text-editor\" data-id=\"97f25c8\" data-element_type=\"widget\" data-widget_type=\"text-editor.default\">\n\t\t\t\t<div class=\"elementor-widget-container\">\n\t\t\t\t\t\t\t<p><strong>Videos<\/strong><\/p>\t\t\t\t\t\t<\/div>\n\t\t\t\t<\/div>\n\t\t\t\t<div class=\"elementor-element elementor-element-71b2ac1 white-btn elementor-widget elementor-widget-button\" data-id=\"71b2ac1\" data-element_type=\"widget\" data-widget_type=\"button.default\">\n\t\t\t\t<div class=\"elementor-widget-container\">\n\t\t\t\t\t<div class=\"elementor-button-wrapper\">\n\t\t\t<a class=\"elementor-button elementor-button-link elementor-size-sm\" href=\"#elementor-action%3Aaction%3Dlightbox%26settings%3DeyJ0eXBlIjoidmlkZW8iLCJ2aWRlb1R5cGUiOiJ5b3V0dWJlIiwidXJsIjoiaHR0cHM6XC9cL3d3dy55b3V0dWJlLmNvbVwvZW1iZWRcLzZZQm9rNzN0d0QwP2ZlYXR1cmU9b2VtYmVkIn0%3D\">\n\t\t\t\t\t\t<span class=\"elementor-button-content-wrapper\">\n\t\t\t\t\t\t\t\t\t<span class=\"elementor-button-text\">Mezclado de compuesto protector restaurador  1<\/span>\n\t\t\t\t\t<\/span>\n\t\t\t\t\t<\/a>\n\t\t<\/div>\n\t\t\t\t<\/div>\n\t\t\t\t<\/div>\n\t\t\t\t<div class=\"elementor-element elementor-element-bef6488 white-btn elementor-widget elementor-widget-button\" data-id=\"bef6488\" data-element_type=\"widget\" data-widget_type=\"button.default\">\n\t\t\t\t<div class=\"elementor-widget-container\">\n\t\t\t\t\t<div class=\"elementor-button-wrapper\">\n\t\t\t<a class=\"elementor-button elementor-button-link elementor-size-sm\" href=\"#elementor-action%3Aaction%3Dlightbox%26settings%3DeyJ0eXBlIjoidmlkZW8iLCJ2aWRlb1R5cGUiOiJ5b3V0dWJlIiwidXJsIjoiaHR0cHM6XC9cL3d3dy55b3V0dWJlLmNvbVwvZW1iZWRcL1BCbld3ZkZMQlJ3P2ZlYXR1cmU9b2VtYmVkIn0%3D\">\n\t\t\t\t\t\t<span class=\"elementor-button-content-wrapper\">\n\t\t\t\t\t\t\t\t\t<span class=\"elementor-button-text\">Mezclado de compuesto protector restaurador  2<\/span>\n\t\t\t\t\t<\/span>\n\t\t\t\t\t<\/a>\n\t\t<\/div>\n\t\t\t\t<\/div>\n\t\t\t\t<\/div>\n\t\t\t\t<div class=\"elementor-element elementor-element-42146a6 white-btn elementor-widget elementor-widget-button\" data-id=\"42146a6\" data-element_type=\"widget\" data-widget_type=\"button.default\">\n\t\t\t\t<div class=\"elementor-widget-container\">\n\t\t\t\t\t<div class=\"elementor-button-wrapper\">\n\t\t\t<a class=\"elementor-button elementor-button-link elementor-size-sm\" href=\"#elementor-action%3Aaction%3Dlightbox%26settings%3DeyJ0eXBlIjoidmlkZW8iLCJ2aWRlb1R5cGUiOiJ5b3V0dWJlIiwidXJsIjoiaHR0cHM6XC9cL3d3dy55b3V0dWJlLmNvbVwvZW1iZWRcLzBpLWw5Rm5OQzZZP2ZlYXR1cmU9b2VtYmVkIn0%3D\">\n\t\t\t\t\t\t<span class=\"elementor-button-content-wrapper\">\n\t\t\t\t\t\t\t\t\t<span class=\"elementor-button-text\">Mezclado de compuesto protector restaurador  3<\/span>\n\t\t\t\t\t<\/span>\n\t\t\t\t\t<\/a>\n\t\t<\/div>\n\t\t\t\t<\/div>\n\t\t\t\t<\/div>\n\t\t\t\t<div class=\"elementor-element elementor-element-9582682 white-btn elementor-widget elementor-widget-button\" data-id=\"9582682\" data-element_type=\"widget\" data-widget_type=\"button.default\">\n\t\t\t\t<div class=\"elementor-widget-container\">\n\t\t\t\t\t<div class=\"elementor-button-wrapper\">\n\t\t\t<a class=\"elementor-button elementor-button-link elementor-size-sm\" href=\"#elementor-action%3Aaction%3Dlightbox%26settings%3DeyJ0eXBlIjoidmlkZW8iLCJ2aWRlb1R5cGUiOiJ5b3V0dWJlIiwidXJsIjoiaHR0cHM6XC9cL3d3dy55b3V0dWJlLmNvbVwvZW1iZWRcLzA1dy1UemRlX2UwP2ZlYXR1cmU9b2VtYmVkIn0%3D\">\n\t\t\t\t\t\t<span class=\"elementor-button-content-wrapper\">\n\t\t\t\t\t\t\t\t\t<span class=\"elementor-button-text\">Mezclado de compuesto protector restaurador 4<\/span>\n\t\t\t\t\t<\/span>\n\t\t\t\t\t<\/a>\n\t\t<\/div>\n\t\t\t\t<\/div>\n\t\t\t\t<\/div>\n\t\t\t\t\t<\/div>\n\t\t<\/div>\n\t\t\t\t\t<\/div>\n\t\t<\/section>\n\t\t\t\t<\/div>\n\t\t","protected":false},"excerpt":{"rendered":"<p>Compuesto restaurador protectorEnviar petici\u00f3n After Before Se trata de una composici\u00f3n regeneradora de alta calidad de aplicaci\u00f3n en fr\u00edo de acci\u00f3n film\u00f3gena para la eliminaci\u00f3n de defectos superficiales, restauraci\u00f3n de propiedades operativas y protecci\u00f3n a largo plazo de pavimentos de hormig\u00f3n asf\u00e1ltico. Aplicaci\u00f3n M\u00e9todo eficaz para prevenir la destrucci\u00f3n progresiva del hormig\u00f3n asf\u00e1ltico: eliminaci\u00f3n de [&hellip;]<\/p>\n","protected":false},"author":4,"featured_media":0,"parent":0,"menu_order":0,"comment_status":"closed","ping_status":"closed","template":"","meta":{"inline_featured_image":false,"_themeisle_gutenberg_block_has_review":false,"footnotes":""},"_links":{"self":[{"href":"https:\/\/keystone-shipping.eu\/es\/wp-json\/wp\/v2\/pages\/2851"}],"collection":[{"href":"https:\/\/keystone-shipping.eu\/es\/wp-json\/wp\/v2\/pages"}],"about":[{"href":"https:\/\/keystone-shipping.eu\/es\/wp-json\/wp\/v2\/types\/page"}],"author":[{"embeddable":true,"href":"https:\/\/keystone-shipping.eu\/es\/wp-json\/wp\/v2\/users\/4"}],"replies":[{"embeddable":true,"href":"https:\/\/keystone-shipping.eu\/es\/wp-json\/wp\/v2\/comments?post=2851"}],"version-history":[{"count":5,"href":"https:\/\/keystone-shipping.eu\/es\/wp-json\/wp\/v2\/pages\/2851\/revisions"}],"predecessor-version":[{"id":3038,"href":"https:\/\/keystone-shipping.eu\/es\/wp-json\/wp\/v2\/pages\/2851\/revisions\/3038"}],"wp:attachment":[{"href":"https:\/\/keystone-shipping.eu\/es\/wp-json\/wp\/v2\/media?parent=2851"}],"curies":[{"name":"wp","href":"https:\/\/api.w.org\/{rel}","templated":true}]}}