{"id":2859,"date":"2021-01-19T13:53:47","date_gmt":"2021-01-19T13:53:47","guid":{"rendered":"https:\/\/keystone-shipping.eu\/?page_id=2859"},"modified":"2021-03-03T08:03:08","modified_gmt":"2021-03-03T08:03:08","slug":"sealing-mastic","status":"publish","type":"page","link":"https:\/\/keystone-shipping.eu\/es\/sealing-mastic\/","title":{"rendered":"Sealing mastic"},"content":{"rendered":"\t\t<div data-elementor-type=\"wp-post\" data-elementor-id=\"2859\" class=\"elementor elementor-2859 elementor-2331\" data-elementor-post-type=\"page\">\n\t\t\t\t\t\t<section class=\"elementor-section elementor-top-section elementor-element elementor-element-3efbf3f elementor-section-full_width prodReal elementor-section-height-default elementor-section-height-default\" data-id=\"3efbf3f\" data-element_type=\"section\">\n\t\t\t\t\t\t<div class=\"elementor-container elementor-column-gap-default\">\n\t\t\t\t\t<div class=\"elementor-column elementor-col-100 elementor-top-column elementor-element elementor-element-6509393\" data-id=\"6509393\" data-element_type=\"column\">\n\t\t\t<div class=\"elementor-widget-wrap elementor-element-populated\">\n\t\t\t\t\t\t<div class=\"elementor-element elementor-element-f3aa5f5 ProdHeading elementor-widget elementor-widget-text-editor\" data-id=\"f3aa5f5\" data-element_type=\"widget\" data-widget_type=\"text-editor.default\">\n\t\t\t\t<div class=\"elementor-widget-container\">\n\t\t\t\t\t\t\t<p><strong>Masilla de sellado<\/strong><a class=\"blue-btn\" href=\"#contact\">Enviar petici\u00f3n<\/a><\/p>\t\t\t\t\t\t<\/div>\n\t\t\t\t<\/div>\n\t\t\t\t<div class=\"elementor-element elementor-element-4498f3a elementor-widget elementor-widget-text-editor\" data-id=\"4498f3a\" data-element_type=\"widget\" data-widget_type=\"text-editor.default\">\n\t\t\t\t<div class=\"elementor-widget-container\">\n\t\t\t\t\t\t\t<p>La masilla de sellado se utiliza para juntas en las \u00e1reas m\u00e1s importantes de las superficies de los aeropuertos, como la pista, la pista principal de taxi y las plataformas.<\/p><p>La masilla de sellado tiene una combinaci\u00f3n \u00fanica de propiedades de rendimiento que proporcionan un ciclo de vida de m\u00e1s de cinco a\u00f1os sin defectos.<\/p>\t\t\t\t\t\t<\/div>\n\t\t\t\t<\/div>\n\t\t\t\t<div class=\"elementor-element elementor-element-cce4d0f ProdHeading elementor-widget elementor-widget-text-editor\" data-id=\"cce4d0f\" data-element_type=\"widget\" data-widget_type=\"text-editor.default\">\n\t\t\t\t<div class=\"elementor-widget-container\">\n\t\t\t\t\t\t\t<p>Aplicaci\u00f3n<\/p>\t\t\t\t\t\t<\/div>\n\t\t\t\t<\/div>\n\t\t\t\t<div class=\"elementor-element elementor-element-6311d3d elementor-icon-list--layout-traditional elementor-list-item-link-full_width elementor-widget elementor-widget-icon-list\" data-id=\"6311d3d\" data-element_type=\"widget\" data-widget_type=\"icon-list.default\">\n\t\t\t\t<div class=\"elementor-widget-container\">\n\t\t\t\t\t<ul class=\"elementor-icon-list-items\">\n\t\t\t\t\t\t\t<li class=\"elementor-icon-list-item\">\n\t\t\t\t\t\t\t\t\t\t\t<span class=\"elementor-icon-list-icon\">\n\t\t\t\t\t\t\t<svg xmlns=\"http:\/\/www.w3.org\/2000\/svg\" id=\"color\" height=\"512\" viewBox=\"0 0 24 24\" width=\"512\"><path d=\"m23.526 5.101c-.04-.399-.231-.759-.541-1.014l-2.318-1.904c-.639-.524-1.585-.432-2.111.207l-9.745 11.86-3.916-3.355c-.628-.536-1.576-.465-2.115.163l-1.952 2.278c-.261.304-.388.691-.357 1.091s.215.764.52 1.024l7.403 6.346c.275.235.616.361.974.361.044 0 .089-.002.134-.006.405-.036.77-.229 1.028-.542l12.662-15.411c.255-.309.373-.7.334-1.098z\" fill=\"#2196f3\"><\/path><\/svg>\t\t\t\t\t\t<\/span>\n\t\t\t\t\t\t\t\t\t\t<span class=\"elementor-icon-list-text\">Corte de juntas y c\u00e1mara de juntas de dilataci\u00f3n.<\/span>\n\t\t\t\t\t\t\t\t\t<\/li>\n\t\t\t\t\t\t\t\t<li class=\"elementor-icon-list-item\">\n\t\t\t\t\t\t\t\t\t\t\t<span class=\"elementor-icon-list-icon\">\n\t\t\t\t\t\t\t<svg xmlns=\"http:\/\/www.w3.org\/2000\/svg\" id=\"color\" height=\"512\" viewBox=\"0 0 24 24\" width=\"512\"><path d=\"m23.526 5.101c-.04-.399-.231-.759-.541-1.014l-2.318-1.904c-.639-.524-1.585-.432-2.111.207l-9.745 11.86-3.916-3.355c-.628-.536-1.576-.465-2.115.163l-1.952 2.278c-.261.304-.388.691-.357 1.091s.215.764.52 1.024l7.403 6.346c.275.235.616.361.974.361.044 0 .089-.002.134-.006.405-.036.77-.229 1.028-.542l12.662-15.411c.255-.309.373-.7.334-1.098z\" fill=\"#2196f3\"><\/path><\/svg>\t\t\t\t\t\t<\/span>\n\t\t\t\t\t\t\t\t\t\t<span class=\"elementor-icon-list-text\">Purga con aire comprimido caliente.<\/span>\n\t\t\t\t\t\t\t\t\t<\/li>\n\t\t\t\t\t\t\t\t<li class=\"elementor-icon-list-item\">\n\t\t\t\t\t\t\t\t\t\t\t<span class=\"elementor-icon-list-icon\">\n\t\t\t\t\t\t\t<svg xmlns=\"http:\/\/www.w3.org\/2000\/svg\" id=\"color\" height=\"512\" viewBox=\"0 0 24 24\" width=\"512\"><path d=\"m23.526 5.101c-.04-.399-.231-.759-.541-1.014l-2.318-1.904c-.639-.524-1.585-.432-2.111.207l-9.745 11.86-3.916-3.355c-.628-.536-1.576-.465-2.115.163l-1.952 2.278c-.261.304-.388.691-.357 1.091s.215.764.52 1.024l7.403 6.346c.275.235.616.361.974.361.044 0 .089-.002.134-.006.405-.036.77-.229 1.028-.542l12.662-15.411c.255-.309.373-.7.334-1.098z\" fill=\"#2196f3\"><\/path><\/svg>\t\t\t\t\t\t<\/span>\n\t\t\t\t\t\t\t\t\t\t<span class=\"elementor-icon-list-text\">Colocaci\u00f3n del cord\u00f3n de sellado..<\/span>\n\t\t\t\t\t\t\t\t\t<\/li>\n\t\t\t\t\t\t\t\t<li class=\"elementor-icon-list-item\">\n\t\t\t\t\t\t\t\t\t\t\t<span class=\"elementor-icon-list-icon\">\n\t\t\t\t\t\t\t<svg xmlns=\"http:\/\/www.w3.org\/2000\/svg\" id=\"color\" height=\"512\" viewBox=\"0 0 24 24\" width=\"512\"><path d=\"m23.526 5.101c-.04-.399-.231-.759-.541-1.014l-2.318-1.904c-.639-.524-1.585-.432-2.111.207l-9.745 11.86-3.916-3.355c-.628-.536-1.576-.465-2.115.163l-1.952 2.278c-.261.304-.388.691-.357 1.091s.215.764.52 1.024l7.403 6.346c.275.235.616.361.974.361.044 0 .089-.002.134-.006.405-.036.77-.229 1.028-.542l12.662-15.411c.255-.309.373-.7.334-1.098z\" fill=\"#2196f3\"><\/path><\/svg>\t\t\t\t\t\t<\/span>\n\t\t\t\t\t\t\t\t\t\t<span class=\"elementor-icon-list-text\">Tratamiento de las paredes de la imprimaci\u00f3n de costuras.<\/span>\n\t\t\t\t\t\t\t\t\t<\/li>\n\t\t\t\t\t\t\t\t<li class=\"elementor-icon-list-item\">\n\t\t\t\t\t\t\t\t\t\t\t<span class=\"elementor-icon-list-icon\">\n\t\t\t\t\t\t\t<svg xmlns=\"http:\/\/www.w3.org\/2000\/svg\" id=\"color\" height=\"512\" viewBox=\"0 0 24 24\" width=\"512\"><path d=\"m23.526 5.101c-.04-.399-.231-.759-.541-1.014l-2.318-1.904c-.639-.524-1.585-.432-2.111.207l-9.745 11.86-3.916-3.355c-.628-.536-1.576-.465-2.115.163l-1.952 2.278c-.261.304-.388.691-.357 1.091s.215.764.52 1.024l7.403 6.346c.275.235.616.361.974.361.044 0 .089-.002.134-.006.405-.036.77-.229 1.028-.542l12.662-15.411c.255-.309.373-.7.334-1.098z\" fill=\"#2196f3\"><\/path><\/svg>\t\t\t\t\t\t<\/span>\n\t\t\t\t\t\t\t\t\t\t<span class=\"elementor-icon-list-text\">Rellenar la junta de dilataci\u00f3n calentada a 175 \u00b1 5 \u00ba\u0421  con masilla BRIT.<\/span>\n\t\t\t\t\t\t\t\t\t<\/li>\n\t\t\t\t\t\t<\/ul>\n\t\t\t\t<\/div>\n\t\t\t\t<\/div>\n\t\t\t\t<div class=\"elementor-element elementor-element-11ac8d7 ProdHeading elementor-widget elementor-widget-text-editor\" data-id=\"11ac8d7\" data-element_type=\"widget\" data-widget_type=\"text-editor.default\">\n\t\t\t\t<div class=\"elementor-widget-container\">\n\t\t\t\t\t\t\t<p>Beneficios<\/p>\t\t\t\t\t\t<\/div>\n\t\t\t\t<\/div>\n\t\t\t\t<div class=\"elementor-element elementor-element-d0fe274 elementor-icon-list--layout-traditional elementor-list-item-link-full_width elementor-widget elementor-widget-icon-list\" data-id=\"d0fe274\" data-element_type=\"widget\" data-widget_type=\"icon-list.default\">\n\t\t\t\t<div class=\"elementor-widget-container\">\n\t\t\t\t\t<ul class=\"elementor-icon-list-items\">\n\t\t\t\t\t\t\t<li class=\"elementor-icon-list-item\">\n\t\t\t\t\t\t\t\t\t\t\t<span class=\"elementor-icon-list-icon\">\n\t\t\t\t\t\t\t<svg xmlns=\"http:\/\/www.w3.org\/2000\/svg\" id=\"color\" height=\"512\" viewBox=\"0 0 24 24\" width=\"512\"><path d=\"m23.526 5.101c-.04-.399-.231-.759-.541-1.014l-2.318-1.904c-.639-.524-1.585-.432-2.111.207l-9.745 11.86-3.916-3.355c-.628-.536-1.576-.465-2.115.163l-1.952 2.278c-.261.304-.388.691-.357 1.091s.215.764.52 1.024l7.403 6.346c.275.235.616.361.974.361.044 0 .089-.002.134-.006.405-.036.77-.229 1.028-.542l12.662-15.411c.255-.309.373-.7.334-1.098z\" fill=\"#2196f3\"><\/path><\/svg>\t\t\t\t\t\t<\/span>\n\t\t\t\t\t\t\t\t\t\t<span class=\"elementor-icon-list-text\">Sellado de alta calidad de cualquier deformaci\u00f3n y juntas tecnol\u00f3gicas.<\/span>\n\t\t\t\t\t\t\t\t\t<\/li>\n\t\t\t\t\t\t\t\t<li class=\"elementor-icon-list-item\">\n\t\t\t\t\t\t\t\t\t\t\t<span class=\"elementor-icon-list-icon\">\n\t\t\t\t\t\t\t<svg xmlns=\"http:\/\/www.w3.org\/2000\/svg\" id=\"color\" height=\"512\" viewBox=\"0 0 24 24\" width=\"512\"><path d=\"m23.526 5.101c-.04-.399-.231-.759-.541-1.014l-2.318-1.904c-.639-.524-1.585-.432-2.111.207l-9.745 11.86-3.916-3.355c-.628-.536-1.576-.465-2.115.163l-1.952 2.278c-.261.304-.388.691-.357 1.091s.215.764.52 1.024l7.403 6.346c.275.235.616.361.974.361.044 0 .089-.002.134-.006.405-.036.77-.229 1.028-.542l12.662-15.411c.255-.309.373-.7.334-1.098z\" fill=\"#2196f3\"><\/path><\/svg>\t\t\t\t\t\t<\/span>\n\t\t\t\t\t\t\t\t\t\t<span class=\"elementor-icon-list-text\">Amplio rango de temperatura de funcionamiento: de \u221255 \u00ba\u0421 a +70 \u00ba\u0421.<\/span>\n\t\t\t\t\t\t\t\t\t<\/li>\n\t\t\t\t\t\t\t\t<li class=\"elementor-icon-list-item\">\n\t\t\t\t\t\t\t\t\t\t\t<span class=\"elementor-icon-list-icon\">\n\t\t\t\t\t\t\t<svg xmlns=\"http:\/\/www.w3.org\/2000\/svg\" id=\"color\" height=\"512\" viewBox=\"0 0 24 24\" width=\"512\"><path d=\"m23.526 5.101c-.04-.399-.231-.759-.541-1.014l-2.318-1.904c-.639-.524-1.585-.432-2.111.207l-9.745 11.86-3.916-3.355c-.628-.536-1.576-.465-2.115.163l-1.952 2.278c-.261.304-.388.691-.357 1.091s.215.764.52 1.024l7.403 6.346c.275.235.616.361.974.361.044 0 .089-.002.134-.006.405-.036.77-.229 1.028-.542l12.662-15.411c.255-.309.373-.7.334-1.098z\" fill=\"#2196f3\"><\/path><\/svg>\t\t\t\t\t\t<\/span>\n\t\t\t\t\t\t\t\t\t\t<span class=\"elementor-icon-list-text\">Propiedades de alta resistencia del sellador al cambiar la geometr\u00eda de juntas de expansi\u00f3n.<\/span>\n\t\t\t\t\t\t\t\t\t<\/li>\n\t\t\t\t\t\t\t\t<li class=\"elementor-icon-list-item\">\n\t\t\t\t\t\t\t\t\t\t\t<span class=\"elementor-icon-list-icon\">\n\t\t\t\t\t\t\t<svg xmlns=\"http:\/\/www.w3.org\/2000\/svg\" id=\"color\" height=\"512\" viewBox=\"0 0 24 24\" width=\"512\"><path d=\"m23.526 5.101c-.04-.399-.231-.759-.541-1.014l-2.318-1.904c-.639-.524-1.585-.432-2.111.207l-9.745 11.86-3.916-3.355c-.628-.536-1.576-.465-2.115.163l-1.952 2.278c-.261.304-.388.691-.357 1.091s.215.764.52 1.024l7.403 6.346c.275.235.616.361.974.361.044 0 .089-.002.134-.006.405-.036.77-.229 1.028-.542l12.662-15.411c.255-.309.373-.7.334-1.098z\" fill=\"#2196f3\"><\/path><\/svg>\t\t\t\t\t\t<\/span>\n\t\t\t\t\t\t\t\t\t\t<span class=\"elementor-icon-list-text\">Asegurando m\u00e1s de 5 a\u00f1os de funcionamiento sin defectos de los recubrimientos en condiciones de carga intensa.<\/span>\n\t\t\t\t\t\t\t\t\t<\/li>\n\t\t\t\t\t\t\t\t<li class=\"elementor-icon-list-item\">\n\t\t\t\t\t\t\t\t\t\t\t<span class=\"elementor-icon-list-icon\">\n\t\t\t\t\t\t\t<svg xmlns=\"http:\/\/www.w3.org\/2000\/svg\" id=\"color\" height=\"512\" viewBox=\"0 0 24 24\" width=\"512\"><path d=\"m23.526 5.101c-.04-.399-.231-.759-.541-1.014l-2.318-1.904c-.639-.524-1.585-.432-2.111.207l-9.745 11.86-3.916-3.355c-.628-.536-1.576-.465-2.115.163l-1.952 2.278c-.261.304-.388.691-.357 1.091s.215.764.52 1.024l7.403 6.346c.275.235.616.361.974.361.044 0 .089-.002.134-.006.405-.036.77-.229 1.028-.542l12.662-15.411c.255-.309.373-.7.334-1.098z\" fill=\"#2196f3\"><\/path><\/svg>\t\t\t\t\t\t<\/span>\n\t\t\t\t\t\t\t\t\t\t<span class=\"elementor-icon-list-text\">Tecnolog\u00eda de aplicaci\u00f3n unificada simple.<\/span>\n\t\t\t\t\t\t\t\t\t<\/li>\n\t\t\t\t\t\t<\/ul>\n\t\t\t\t<\/div>\n\t\t\t\t<\/div>\n\t\t\t\t\t<\/div>\n\t\t<\/div>\n\t\t\t\t\t<\/div>\n\t\t<\/section>\n\t\t\t\t<\/div>\n\t\t","protected":false},"excerpt":{"rendered":"<p>Masilla de selladoEnviar petici\u00f3n La masilla de sellado se utiliza para juntas en las \u00e1reas m\u00e1s importantes de las superficies de los aeropuertos, como la pista, la pista principal de taxi y las plataformas. La masilla de sellado tiene una combinaci\u00f3n \u00fanica de propiedades de rendimiento que proporcionan un ciclo de vida de m\u00e1s de [&hellip;]<\/p>\n","protected":false},"author":4,"featured_media":0,"parent":0,"menu_order":0,"comment_status":"closed","ping_status":"closed","template":"elementor_header_footer","meta":{"inline_featured_image":false,"_themeisle_gutenberg_block_has_review":false,"footnotes":""},"_links":{"self":[{"href":"https:\/\/keystone-shipping.eu\/es\/wp-json\/wp\/v2\/pages\/2859"}],"collection":[{"href":"https:\/\/keystone-shipping.eu\/es\/wp-json\/wp\/v2\/pages"}],"about":[{"href":"https:\/\/keystone-shipping.eu\/es\/wp-json\/wp\/v2\/types\/page"}],"author":[{"embeddable":true,"href":"https:\/\/keystone-shipping.eu\/es\/wp-json\/wp\/v2\/users\/4"}],"replies":[{"embeddable":true,"href":"https:\/\/keystone-shipping.eu\/es\/wp-json\/wp\/v2\/comments?post=2859"}],"version-history":[{"count":3,"href":"https:\/\/keystone-shipping.eu\/es\/wp-json\/wp\/v2\/pages\/2859\/revisions"}],"predecessor-version":[{"id":3037,"href":"https:\/\/keystone-shipping.eu\/es\/wp-json\/wp\/v2\/pages\/2859\/revisions\/3037"}],"wp:attachment":[{"href":"https:\/\/keystone-shipping.eu\/es\/wp-json\/wp\/v2\/media?parent=2859"}],"curies":[{"name":"wp","href":"https:\/\/api.w.org\/{rel}","templated":true}]}}